{"id":82,"date":"2023-11-20T08:16:48","date_gmt":"2023-11-20T08:16:48","guid":{"rendered":"https:\/\/www.metalleg.hu\/?page_id=82"},"modified":"2024-03-26T15:00:27","modified_gmt":"2024-03-26T15:00:27","slug":"compressed-air-piping-systems","status":"publish","type":"page","link":"https:\/\/www.metalleg.hu\/en\/what-we-offer\/compressed-air-piping-systems\/","title":{"rendered":"Compressed air piping systems"},"content":{"rendered":"<p><img loading=\"lazy\" decoding=\"async\" class=\"alignnone wp-image-48 size-full img-fluid\" src=\"https:\/\/www.metalleg.hu\/files\/2024\/02\/compressed_air_pipes.webp\" alt=\"S\u0171r\u00edtett leveg\u0151s cs\u0151h\u00e1l\u00f3zatok\" width=\"880\" height=\"240\" \/><\/p>\n<p>Our expert team designs and implements compressed air systems for complete halls to a high standard and with precision. During our operations, we consider that the satisfaction of our customers is one our our most important goals, and to achieve that, we implement all our projects on behalf of the individual needs and expectations.<\/p>\n<h2>Design and implementation<\/h2>\n<p>With the help of our experienced design engineers, we prepare detailed plans for your hall&#8217;s compressed air system. We keep energy efficiency and sustainability in mind in order to offer you optimal and cost-effective solutions. Our qualified team ensures the implementation of the planned systems into reality. We use the latest technologies and raw materials during planning and implementation, so the systems we deliver represent high quality and reliability.<\/p>\n<blockquote><p><strong>JOHN GUEST<\/strong> plastic or aluminum pipe systems,<br \/>\n<strong>TESEO<\/strong> aluminum profiles,<br \/>\nInside and outside galvanized steel pipe systems<\/p><\/blockquote>\n<h2>Maintenance and Service<\/h2>\n<p>In order to ensure the longevity of the systems we build, we are available with <a href=\"https:\/\/www.metalleg.hu\/en\/service\/\">maintenance and tecnical services<\/a>. With our flexible and quick response, we guarantee continuous and reliable operation.<\/p>\n","protected":false},"excerpt":{"rendered":"<p>Our expert team designs and implements compressed air systems for complete halls to a high standard and with precision. During our operations, we consider that the satisfaction of our customers is one our our most important goals, and to achieve that, we implement all our projects on behalf of the individual needs and expectations. Design [&hellip;]<\/p>\n","protected":false},"author":1,"featured_media":193,"parent":99,"menu_order":0,"comment_status":"closed","ping_status":"closed","template":"","meta":{"footnotes":""},"class_list":["post-82","page","type-page","status-publish","has-post-thumbnail","hentry"],"yoast_head":"<!-- This site is optimized with the Yoast SEO plugin v23.4 - https:\/\/yoast.com\/wordpress\/plugins\/seo\/ -->\n<title>Compressed air piping systems - Met\u00e1l L\u00e9gtechnika<\/title>\n<meta name=\"description\" content=\"Our expert team designs and implements compressed air systems for complete halls to a high standard and with precision.\" \/>\n<meta name=\"robots\" content=\"index, follow, max-snippet:-1, max-image-preview:large, max-video-preview:-1\" \/>\n<link rel=\"canonical\" href=\"https:\/\/www.metalleg.hu\/en\/what-we-offer\/compressed-air-piping-systems\/\" \/>\n<meta property=\"og:locale\" content=\"en_US\" \/>\n<meta property=\"og:type\" content=\"article\" \/>\n<meta property=\"og:title\" content=\"Compressed air piping systems - Met\u00e1l L\u00e9gtechnika\" \/>\n<meta property=\"og:description\" content=\"Our expert team designs and implements compressed air systems for complete halls to a high standard and with precision.\" \/>\n<meta property=\"og:url\" content=\"https:\/\/www.metalleg.hu\/en\/what-we-offer\/compressed-air-piping-systems\/\" \/>\n<meta property=\"og:site_name\" content=\"Met\u00e1l L\u00e9gtechnika\" \/>\n<meta property=\"article:publisher\" content=\"https:\/\/www.facebook.com\/metallegtechnika.kft\" \/>\n<meta property=\"article:modified_time\" content=\"2024-03-26T15:00:27+00:00\" \/>\n<meta property=\"og:image\" content=\"https:\/\/www.metalleg.hu\/files\/2024\/03\/pipes.webp\" \/>\n\t<meta property=\"og:image:width\" content=\"1102\" \/>\n\t<meta property=\"og:image:height\" content=\"802\" \/>\n\t<meta property=\"og:image:type\" content=\"image\/webp\" \/>\n<meta name=\"twitter:card\" content=\"summary_large_image\" \/>\n<meta name=\"twitter:label1\" content=\"Est. reading time\" \/>\n\t<meta name=\"twitter:data1\" content=\"2 minutes\" \/>\n<script type=\"application\/ld+json\" class=\"yoast-schema-graph\">{\"@context\":\"https:\/\/schema.org\",\"@graph\":[{\"@type\":\"WebPage\",\"@id\":\"https:\/\/www.metalleg.hu\/en\/what-we-offer\/compressed-air-piping-systems\/\",\"url\":\"https:\/\/www.metalleg.hu\/en\/what-we-offer\/compressed-air-piping-systems\/\",\"name\":\"Compressed air piping systems - Met\u00e1l L\u00e9gtechnika\",\"isPartOf\":{\"@id\":\"https:\/\/www.metalleg.hu\/en\/#website\"},\"primaryImageOfPage\":{\"@id\":\"https:\/\/www.metalleg.hu\/en\/what-we-offer\/compressed-air-piping-systems\/#primaryimage\"},\"image\":{\"@id\":\"https:\/\/www.metalleg.hu\/en\/what-we-offer\/compressed-air-piping-systems\/#primaryimage\"},\"thumbnailUrl\":\"https:\/\/www.metalleg.hu\/files\/2024\/03\/pipes.webp\",\"datePublished\":\"2023-11-20T08:16:48+00:00\",\"dateModified\":\"2024-03-26T15:00:27+00:00\",\"description\":\"Our expert team designs and implements compressed air systems for complete halls to a high standard and with precision.\",\"breadcrumb\":{\"@id\":\"https:\/\/www.metalleg.hu\/en\/what-we-offer\/compressed-air-piping-systems\/#breadcrumb\"},\"inLanguage\":\"en-US\",\"potentialAction\":[{\"@type\":\"ReadAction\",\"target\":[\"https:\/\/www.metalleg.hu\/en\/what-we-offer\/compressed-air-piping-systems\/\"]}]},{\"@type\":\"ImageObject\",\"inLanguage\":\"en-US\",\"@id\":\"https:\/\/www.metalleg.hu\/en\/what-we-offer\/compressed-air-piping-systems\/#primaryimage\",\"url\":\"https:\/\/www.metalleg.hu\/files\/2024\/03\/pipes.webp\",\"contentUrl\":\"https:\/\/www.metalleg.hu\/files\/2024\/03\/pipes.webp\",\"width\":1102,\"height\":802},{\"@type\":\"BreadcrumbList\",\"@id\":\"https:\/\/www.metalleg.hu\/en\/what-we-offer\/compressed-air-piping-systems\/#breadcrumb\",\"itemListElement\":[{\"@type\":\"ListItem\",\"position\":1,\"name\":\"What we offer\",\"item\":\"https:\/\/www.metalleg.hu\/en\/szolgaltatasok\/\"},{\"@type\":\"ListItem\",\"position\":2,\"name\":\"Compressed air piping systems\"}]},{\"@type\":\"WebSite\",\"@id\":\"https:\/\/www.metalleg.hu\/en\/#website\",\"url\":\"https:\/\/www.metalleg.hu\/en\/\",\"name\":\"Met\u00e1l L\u00e9gtechnika\",\"description\":\"\",\"publisher\":{\"@id\":\"https:\/\/www.metalleg.hu\/en\/#organization\"},\"potentialAction\":[{\"@type\":\"SearchAction\",\"target\":{\"@type\":\"EntryPoint\",\"urlTemplate\":\"https:\/\/www.metalleg.hu\/en\/?s={search_term_string}\"},\"query-input\":{\"@type\":\"PropertyValueSpecification\",\"valueRequired\":true,\"valueName\":\"search_term_string\"}}],\"inLanguage\":\"en-US\"},{\"@type\":\"Organization\",\"@id\":\"https:\/\/www.metalleg.hu\/en\/#organization\",\"name\":\"Met\u00e1l L\u00e9gtechnika\",\"url\":\"https:\/\/www.metalleg.hu\/en\/\",\"logo\":{\"@type\":\"ImageObject\",\"inLanguage\":\"en-US\",\"@id\":\"https:\/\/www.metalleg.hu\/en\/#\/schema\/logo\/image\/\",\"url\":\"https:\/\/www.metalleg.hu\/files\/2024\/03\/metal_legteshnika_icon.png\",\"contentUrl\":\"https:\/\/www.metalleg.hu\/files\/2024\/03\/metal_legteshnika_icon.png\",\"width\":512,\"height\":512,\"caption\":\"Met\u00e1l L\u00e9gtechnika\"},\"image\":{\"@id\":\"https:\/\/www.metalleg.hu\/en\/#\/schema\/logo\/image\/\"},\"sameAs\":[\"https:\/\/www.facebook.com\/metallegtechnika.kft\"]}]}<\/script>\n<!-- \/ Yoast SEO plugin. -->","yoast_head_json":{"title":"Compressed air piping systems - Met\u00e1l L\u00e9gtechnika","description":"Our expert team designs and implements compressed air systems for complete halls to a high standard and with precision.","robots":{"index":"index","follow":"follow","max-snippet":"max-snippet:-1","max-image-preview":"max-image-preview:large","max-video-preview":"max-video-preview:-1"},"canonical":"https:\/\/www.metalleg.hu\/en\/what-we-offer\/compressed-air-piping-systems\/","og_locale":"en_US","og_type":"article","og_title":"Compressed air piping systems - Met\u00e1l L\u00e9gtechnika","og_description":"Our expert team designs and implements compressed air systems for complete halls to a high standard and with precision.","og_url":"https:\/\/www.metalleg.hu\/en\/what-we-offer\/compressed-air-piping-systems\/","og_site_name":"Met\u00e1l L\u00e9gtechnika","article_publisher":"https:\/\/www.facebook.com\/metallegtechnika.kft","article_modified_time":"2024-03-26T15:00:27+00:00","og_image":[{"width":1102,"height":802,"url":"https:\/\/www.metalleg.hu\/files\/2024\/03\/pipes.webp","type":"image\/webp"}],"twitter_card":"summary_large_image","twitter_misc":{"Est. reading time":"2 minutes"},"schema":{"@context":"https:\/\/schema.org","@graph":[{"@type":"WebPage","@id":"https:\/\/www.metalleg.hu\/en\/what-we-offer\/compressed-air-piping-systems\/","url":"https:\/\/www.metalleg.hu\/en\/what-we-offer\/compressed-air-piping-systems\/","name":"Compressed air piping systems - Met\u00e1l L\u00e9gtechnika","isPartOf":{"@id":"https:\/\/www.metalleg.hu\/en\/#website"},"primaryImageOfPage":{"@id":"https:\/\/www.metalleg.hu\/en\/what-we-offer\/compressed-air-piping-systems\/#primaryimage"},"image":{"@id":"https:\/\/www.metalleg.hu\/en\/what-we-offer\/compressed-air-piping-systems\/#primaryimage"},"thumbnailUrl":"https:\/\/www.metalleg.hu\/files\/2024\/03\/pipes.webp","datePublished":"2023-11-20T08:16:48+00:00","dateModified":"2024-03-26T15:00:27+00:00","description":"Our expert team designs and implements compressed air systems for complete halls to a high standard and with precision.","breadcrumb":{"@id":"https:\/\/www.metalleg.hu\/en\/what-we-offer\/compressed-air-piping-systems\/#breadcrumb"},"inLanguage":"en-US","potentialAction":[{"@type":"ReadAction","target":["https:\/\/www.metalleg.hu\/en\/what-we-offer\/compressed-air-piping-systems\/"]}]},{"@type":"ImageObject","inLanguage":"en-US","@id":"https:\/\/www.metalleg.hu\/en\/what-we-offer\/compressed-air-piping-systems\/#primaryimage","url":"https:\/\/www.metalleg.hu\/files\/2024\/03\/pipes.webp","contentUrl":"https:\/\/www.metalleg.hu\/files\/2024\/03\/pipes.webp","width":1102,"height":802},{"@type":"BreadcrumbList","@id":"https:\/\/www.metalleg.hu\/en\/what-we-offer\/compressed-air-piping-systems\/#breadcrumb","itemListElement":[{"@type":"ListItem","position":1,"name":"What we offer","item":"https:\/\/www.metalleg.hu\/en\/szolgaltatasok\/"},{"@type":"ListItem","position":2,"name":"Compressed air piping systems"}]},{"@type":"WebSite","@id":"https:\/\/www.metalleg.hu\/en\/#website","url":"https:\/\/www.metalleg.hu\/en\/","name":"Met\u00e1l L\u00e9gtechnika","description":"","publisher":{"@id":"https:\/\/www.metalleg.hu\/en\/#organization"},"potentialAction":[{"@type":"SearchAction","target":{"@type":"EntryPoint","urlTemplate":"https:\/\/www.metalleg.hu\/en\/?s={search_term_string}"},"query-input":{"@type":"PropertyValueSpecification","valueRequired":true,"valueName":"search_term_string"}}],"inLanguage":"en-US"},{"@type":"Organization","@id":"https:\/\/www.metalleg.hu\/en\/#organization","name":"Met\u00e1l L\u00e9gtechnika","url":"https:\/\/www.metalleg.hu\/en\/","logo":{"@type":"ImageObject","inLanguage":"en-US","@id":"https:\/\/www.metalleg.hu\/en\/#\/schema\/logo\/image\/","url":"https:\/\/www.metalleg.hu\/files\/2024\/03\/metal_legteshnika_icon.png","contentUrl":"https:\/\/www.metalleg.hu\/files\/2024\/03\/metal_legteshnika_icon.png","width":512,"height":512,"caption":"Met\u00e1l L\u00e9gtechnika"},"image":{"@id":"https:\/\/www.metalleg.hu\/en\/#\/schema\/logo\/image\/"},"sameAs":["https:\/\/www.facebook.com\/metallegtechnika.kft"]}]}},"_links":{"self":[{"href":"https:\/\/www.metalleg.hu\/en\/wp-json\/wp\/v2\/pages\/82","targetHints":{"allow":["GET"]}}],"collection":[{"href":"https:\/\/www.metalleg.hu\/en\/wp-json\/wp\/v2\/pages"}],"about":[{"href":"https:\/\/www.metalleg.hu\/en\/wp-json\/wp\/v2\/types\/page"}],"author":[{"embeddable":true,"href":"https:\/\/www.metalleg.hu\/en\/wp-json\/wp\/v2\/users\/1"}],"replies":[{"embeddable":true,"href":"https:\/\/www.metalleg.hu\/en\/wp-json\/wp\/v2\/comments?post=82"}],"version-history":[{"count":0,"href":"https:\/\/www.metalleg.hu\/en\/wp-json\/wp\/v2\/pages\/82\/revisions"}],"up":[{"embeddable":true,"href":"https:\/\/www.metalleg.hu\/en\/wp-json\/wp\/v2\/pages\/99"}],"wp:featuredmedia":[{"embeddable":true,"href":"https:\/\/www.metalleg.hu\/en\/wp-json\/wp\/v2\/media\/193"}],"wp:attachment":[{"href":"https:\/\/www.metalleg.hu\/en\/wp-json\/wp\/v2\/media?parent=82"}],"curies":[{"name":"wp","href":"https:\/\/api.w.org\/{rel}","templated":true}]}}