{"id":88,"date":"2023-11-13T15:42:47","date_gmt":"2023-11-13T15:42:47","guid":{"rendered":"https:\/\/www.metalleg.hu\/?page_id=88"},"modified":"2024-03-26T16:09:25","modified_gmt":"2024-03-26T16:09:25","slug":"contact-us","status":"publish","type":"page","link":"https:\/\/www.metalleg.hu\/en\/contact-us\/","title":{"rendered":"Contact Us"},"content":{"rendered":"<div class=\"row\">\n<div class=\"col-lg-6 contact-left\">\n<h2>Met\u00e1l-L\u00e9gtechnika Kft.<\/h2>\n<p><strong>Address:<\/strong> 8800 Nagykanizsa, T\u00e1borhely u. 3.<br \/>\n<strong>Phone:<\/strong> <a class=\"phone\" href=\"tel:+3693536473\">+36 93 536 473<\/a><br \/>\n<strong>E-mail:<\/strong> <a href=\"mailto:web@metalleg.hu\">web@metalleg.hu<\/a><\/p>\n<p><strong>Opening hours:<\/strong><br \/>\nFrom Monday to Friday: 8.30 &#8211; 16.00<\/p>\n<\/div>\n<div class=\"col-lg-6\">\n<div class=\"wpcf7 no-js\" id=\"wpcf7-f115-o1\" lang=\"en-US\" dir=\"ltr\" data-wpcf7-id=\"115\">\n<div class=\"screen-reader-response\"><p role=\"status\" aria-live=\"polite\" aria-atomic=\"true\"><\/p> <ul><\/ul><\/div>\n<form action=\"\/en\/wp-json\/wp\/v2\/pages\/88#wpcf7-f115-o1\" method=\"post\" class=\"wpcf7-form init\" aria-label=\"Contact form\" novalidate=\"novalidate\" data-status=\"init\">\n<div style=\"display: none;\">\n<input type=\"hidden\" name=\"_wpcf7\" value=\"115\" \/>\n<input type=\"hidden\" name=\"_wpcf7_version\" value=\"6.0.4\" \/>\n<input type=\"hidden\" name=\"_wpcf7_locale\" value=\"en_US\" \/>\n<input type=\"hidden\" name=\"_wpcf7_unit_tag\" value=\"wpcf7-f115-o1\" \/>\n<input type=\"hidden\" name=\"_wpcf7_container_post\" value=\"0\" \/>\n<input type=\"hidden\" name=\"_wpcf7_posted_data_hash\" value=\"\" \/>\n<\/div>\n<div class=\"row mb-3\">\r\n\t<div class=\"col\">\r\n                 <div class=\"form-group nev\"><input class=\"wpcf7-form-control wpcf7-text wpcf7-validates-as-required form-control form-control\" id=\"nev\" name=\"nev\" type=\"text\" value=\"\" placeholder=\"Name\" aria-invalid=\"false\" aria-required=\"true\" required><\/div>\r\n\t<\/div>\r\n<\/div>\r\n<div class=\"row mb-3\">\r\n\t<div class=\"col\">\r\n\t\t<div class=\"form-group email\"><input class=\"wpcf7-form-control wpcf7-email wpcf7-validates-as-required wpcf7-text wpcf7-validates-as-email form-control form-control\" id=\"email\" name=\"email\" type=\"email\" value=\"\" placeholder=\"Email\" aria-invalid=\"false\" aria-required=\"true\" required><\/div>\r\n\t<\/div>\r\n<\/div>\r\n<div class=\"row mb-3\">\r\n\t<div class=\"col\">\r\n                 <div class=\"form-group subject\"><input class=\"wpcf7-form-control wpcf7-text wpcf7-validates-as-required form-control form-control\" id=\"subject\" name=\"subject\" type=\"text\" value=\"\" placeholder=\"Subject\" aria-invalid=\"false\" aria-required=\"true\" required><\/div>\r\n\t<\/div>\r\n<\/div>\r\n<div class=\"row mb-3\">\r\n\t<div class=\"col\">\r\n                 <div class=\"form-group uzenet\"><textarea class=\"wpcf7-form-control wpcf7-textarea wpcf7-validates-as-required form-control form-control\" id=\"uzenet\" name=\"uzenet\" rows=\"4\" placeholder=\"Message\" aria-invalid=\"false\" aria-required=\"true\" required><\/textarea><\/div>\r\n\t<\/div>\r\n<\/div>\r\n<div class=\"row mb-3 form-check\">\r\n\t<div class=\"checkbox wpcf7-form-control wpcf7-acceptance jovahagyas\">\r\n\t\t<input name=\"jovahagyas\" class=\"form-check-input\" type=\"checkbox\" value=\"\" aria-invalid=\"false\" id=\"jovahagyas\">\r\n\t\t<label class=\"form-check-label\" for=\"jovahagyas\">I have read and agree to the <a href=\"#\" target=\"_blank\" title=\"Privacy Policy\">Privacy Policy<\/a><\/label>\r\n\t<\/div>\r\n<\/div>\r\n<div class=\"row\">\r\n\t<div class=\"col\">\r\n                <div class=\"form-group\"><div><input class=\"wpcf7-form-control wpcf7-submit btn btn btn-primary\" type=\"submit\" value=\"Send message\"><\/div><\/div>\r\n\t<\/div>\r\n<\/div><div class=\"wpcf7-response-output alert alert-warning\"><\/div>\n<\/form>\n<\/div>\n<\/div>\n<div class=\"map\"><iframe loading=\"lazy\" style=\"border: 0;\" src=\"https:\/\/www.google.com\/maps\/embed?pb=!1m18!1m12!1m3!1d2748.7985319394875!2d17.00657347117249!3d46.45268883017775!2m3!1f0!2f0!3f0!3m2!1i1024!2i768!4f13.1!3m3!1m2!1s0x476893045c0d61ed%3A0xcd973c6eb2ad97cb!2sMet%C3%A1l-L%C3%A9gtechnika%20Kft.!5e0!3m2!1sen!2shu!4v1707230815278!5m2!1sen!2shu\" width=\"600\" height=\"450\" allowfullscreen=\"allowfullscreen\"><\/iframe><\/div>\n<\/div>\n","protected":false},"excerpt":{"rendered":"<p>Met\u00e1l-L\u00e9gtechnika Kft. Address: 8800 Nagykanizsa, T\u00e1borhely u. 3. Phone: +36 93 536 473 E-mail: web@metalleg.hu Opening hours: From Monday to Friday: 8.30 &#8211; 16.00<\/p>\n","protected":false},"author":1,"featured_media":117,"parent":0,"menu_order":0,"comment_status":"closed","ping_status":"closed","template":"","meta":{"footnotes":""},"class_list":["post-88","page","type-page","status-publish","has-post-thumbnail","hentry"],"yoast_head":"<!-- This site is optimized with the Yoast SEO plugin v23.4 - https:\/\/yoast.com\/wordpress\/plugins\/seo\/ -->\n<title>Brand-independent pneumatic solutions - Met\u00e1l L\u00e9gtechnika<\/title>\n<meta name=\"description\" content=\"Brand-independent pneumatic specialist dealer, all available technologies and brands at one place with a favorable price-value ratio.\" \/>\n<meta name=\"robots\" content=\"index, follow, max-snippet:-1, max-image-preview:large, max-video-preview:-1\" \/>\n<link rel=\"canonical\" href=\"https:\/\/www.metalleg.hu\/en\/contact-us\/\" \/>\n<meta property=\"og:locale\" content=\"en_US\" \/>\n<meta property=\"og:type\" content=\"article\" \/>\n<meta property=\"og:title\" content=\"Brand-independent pneumatic solutions - Met\u00e1l L\u00e9gtechnika\" \/>\n<meta property=\"og:description\" content=\"Brand-independent pneumatic specialist dealer, all available technologies and brands at one place with a favorable price-value ratio.\" \/>\n<meta property=\"og:url\" content=\"https:\/\/www.metalleg.hu\/en\/contact-us\/\" \/>\n<meta property=\"og:site_name\" content=\"Met\u00e1l L\u00e9gtechnika\" \/>\n<meta property=\"article:publisher\" content=\"https:\/\/www.facebook.com\/metallegtechnika.kft\" \/>\n<meta property=\"article:modified_time\" content=\"2024-03-26T16:09:25+00:00\" \/>\n<meta property=\"og:image\" content=\"https:\/\/www.metalleg.hu\/files\/2024\/03\/metal_legtechnika.webp\" \/>\n\t<meta property=\"og:image:width\" content=\"1200\" \/>\n\t<meta property=\"og:image:height\" content=\"675\" \/>\n\t<meta property=\"og:image:type\" content=\"image\/webp\" \/>\n<meta name=\"twitter:card\" content=\"summary_large_image\" \/>\n<meta name=\"twitter:label1\" content=\"Est. reading time\" \/>\n\t<meta name=\"twitter:data1\" content=\"1 minute\" \/>\n<script type=\"application\/ld+json\" class=\"yoast-schema-graph\">{\"@context\":\"https:\/\/schema.org\",\"@graph\":[{\"@type\":\"WebPage\",\"@id\":\"https:\/\/www.metalleg.hu\/en\/contact-us\/\",\"url\":\"https:\/\/www.metalleg.hu\/en\/contact-us\/\",\"name\":\"Brand-independent pneumatic solutions - Met\u00e1l L\u00e9gtechnika\",\"isPartOf\":{\"@id\":\"https:\/\/www.metalleg.hu\/en\/#website\"},\"primaryImageOfPage\":{\"@id\":\"https:\/\/www.metalleg.hu\/en\/contact-us\/#primaryimage\"},\"image\":{\"@id\":\"https:\/\/www.metalleg.hu\/en\/contact-us\/#primaryimage\"},\"thumbnailUrl\":\"https:\/\/www.metalleg.hu\/files\/2024\/03\/metal_legtechnika.webp\",\"datePublished\":\"2023-11-13T15:42:47+00:00\",\"dateModified\":\"2024-03-26T16:09:25+00:00\",\"description\":\"Brand-independent pneumatic specialist dealer, all available technologies and brands at one place with a favorable price-value ratio.\",\"inLanguage\":\"en-US\",\"potentialAction\":[{\"@type\":\"ReadAction\",\"target\":[\"https:\/\/www.metalleg.hu\/en\/contact-us\/\"]}]},{\"@type\":\"ImageObject\",\"inLanguage\":\"en-US\",\"@id\":\"https:\/\/www.metalleg.hu\/en\/contact-us\/#primaryimage\",\"url\":\"https:\/\/www.metalleg.hu\/files\/2024\/03\/metal_legtechnika.webp\",\"contentUrl\":\"https:\/\/www.metalleg.hu\/files\/2024\/03\/metal_legtechnika.webp\",\"width\":1200,\"height\":675},{\"@type\":\"WebSite\",\"@id\":\"https:\/\/www.metalleg.hu\/en\/#website\",\"url\":\"https:\/\/www.metalleg.hu\/en\/\",\"name\":\"Met\u00e1l L\u00e9gtechnika\",\"description\":\"\",\"publisher\":{\"@id\":\"https:\/\/www.metalleg.hu\/en\/#organization\"},\"potentialAction\":[{\"@type\":\"SearchAction\",\"target\":{\"@type\":\"EntryPoint\",\"urlTemplate\":\"https:\/\/www.metalleg.hu\/en\/?s={search_term_string}\"},\"query-input\":{\"@type\":\"PropertyValueSpecification\",\"valueRequired\":true,\"valueName\":\"search_term_string\"}}],\"inLanguage\":\"en-US\"},{\"@type\":\"Organization\",\"@id\":\"https:\/\/www.metalleg.hu\/en\/#organization\",\"name\":\"Met\u00e1l L\u00e9gtechnika\",\"url\":\"https:\/\/www.metalleg.hu\/en\/\",\"logo\":{\"@type\":\"ImageObject\",\"inLanguage\":\"en-US\",\"@id\":\"https:\/\/www.metalleg.hu\/en\/#\/schema\/logo\/image\/\",\"url\":\"https:\/\/www.metalleg.hu\/files\/2024\/03\/metal_legteshnika_icon.png\",\"contentUrl\":\"https:\/\/www.metalleg.hu\/files\/2024\/03\/metal_legteshnika_icon.png\",\"width\":512,\"height\":512,\"caption\":\"Met\u00e1l L\u00e9gtechnika\"},\"image\":{\"@id\":\"https:\/\/www.metalleg.hu\/en\/#\/schema\/logo\/image\/\"},\"sameAs\":[\"https:\/\/www.facebook.com\/metallegtechnika.kft\"]}]}<\/script>\n<!-- \/ Yoast SEO plugin. -->","yoast_head_json":{"title":"Brand-independent pneumatic solutions - Met\u00e1l L\u00e9gtechnika","description":"Brand-independent pneumatic specialist dealer, all available technologies and brands at one place with a favorable price-value ratio.","robots":{"index":"index","follow":"follow","max-snippet":"max-snippet:-1","max-image-preview":"max-image-preview:large","max-video-preview":"max-video-preview:-1"},"canonical":"https:\/\/www.metalleg.hu\/en\/contact-us\/","og_locale":"en_US","og_type":"article","og_title":"Brand-independent pneumatic solutions - Met\u00e1l L\u00e9gtechnika","og_description":"Brand-independent pneumatic specialist dealer, all available technologies and brands at one place with a favorable price-value ratio.","og_url":"https:\/\/www.metalleg.hu\/en\/contact-us\/","og_site_name":"Met\u00e1l L\u00e9gtechnika","article_publisher":"https:\/\/www.facebook.com\/metallegtechnika.kft","article_modified_time":"2024-03-26T16:09:25+00:00","og_image":[{"width":1200,"height":675,"url":"https:\/\/www.metalleg.hu\/files\/2024\/03\/metal_legtechnika.webp","type":"image\/webp"}],"twitter_card":"summary_large_image","twitter_misc":{"Est. reading time":"1 minute"},"schema":{"@context":"https:\/\/schema.org","@graph":[{"@type":"WebPage","@id":"https:\/\/www.metalleg.hu\/en\/contact-us\/","url":"https:\/\/www.metalleg.hu\/en\/contact-us\/","name":"Brand-independent pneumatic solutions - Met\u00e1l L\u00e9gtechnika","isPartOf":{"@id":"https:\/\/www.metalleg.hu\/en\/#website"},"primaryImageOfPage":{"@id":"https:\/\/www.metalleg.hu\/en\/contact-us\/#primaryimage"},"image":{"@id":"https:\/\/www.metalleg.hu\/en\/contact-us\/#primaryimage"},"thumbnailUrl":"https:\/\/www.metalleg.hu\/files\/2024\/03\/metal_legtechnika.webp","datePublished":"2023-11-13T15:42:47+00:00","dateModified":"2024-03-26T16:09:25+00:00","description":"Brand-independent pneumatic specialist dealer, all available technologies and brands at one place with a favorable price-value ratio.","inLanguage":"en-US","potentialAction":[{"@type":"ReadAction","target":["https:\/\/www.metalleg.hu\/en\/contact-us\/"]}]},{"@type":"ImageObject","inLanguage":"en-US","@id":"https:\/\/www.metalleg.hu\/en\/contact-us\/#primaryimage","url":"https:\/\/www.metalleg.hu\/files\/2024\/03\/metal_legtechnika.webp","contentUrl":"https:\/\/www.metalleg.hu\/files\/2024\/03\/metal_legtechnika.webp","width":1200,"height":675},{"@type":"WebSite","@id":"https:\/\/www.metalleg.hu\/en\/#website","url":"https:\/\/www.metalleg.hu\/en\/","name":"Met\u00e1l L\u00e9gtechnika","description":"","publisher":{"@id":"https:\/\/www.metalleg.hu\/en\/#organization"},"potentialAction":[{"@type":"SearchAction","target":{"@type":"EntryPoint","urlTemplate":"https:\/\/www.metalleg.hu\/en\/?s={search_term_string}"},"query-input":{"@type":"PropertyValueSpecification","valueRequired":true,"valueName":"search_term_string"}}],"inLanguage":"en-US"},{"@type":"Organization","@id":"https:\/\/www.metalleg.hu\/en\/#organization","name":"Met\u00e1l L\u00e9gtechnika","url":"https:\/\/www.metalleg.hu\/en\/","logo":{"@type":"ImageObject","inLanguage":"en-US","@id":"https:\/\/www.metalleg.hu\/en\/#\/schema\/logo\/image\/","url":"https:\/\/www.metalleg.hu\/files\/2024\/03\/metal_legteshnika_icon.png","contentUrl":"https:\/\/www.metalleg.hu\/files\/2024\/03\/metal_legteshnika_icon.png","width":512,"height":512,"caption":"Met\u00e1l L\u00e9gtechnika"},"image":{"@id":"https:\/\/www.metalleg.hu\/en\/#\/schema\/logo\/image\/"},"sameAs":["https:\/\/www.facebook.com\/metallegtechnika.kft"]}]}},"_links":{"self":[{"href":"https:\/\/www.metalleg.hu\/en\/wp-json\/wp\/v2\/pages\/88","targetHints":{"allow":["GET"]}}],"collection":[{"href":"https:\/\/www.metalleg.hu\/en\/wp-json\/wp\/v2\/pages"}],"about":[{"href":"https:\/\/www.metalleg.hu\/en\/wp-json\/wp\/v2\/types\/page"}],"author":[{"embeddable":true,"href":"https:\/\/www.metalleg.hu\/en\/wp-json\/wp\/v2\/users\/1"}],"replies":[{"embeddable":true,"href":"https:\/\/www.metalleg.hu\/en\/wp-json\/wp\/v2\/comments?post=88"}],"version-history":[{"count":0,"href":"https:\/\/www.metalleg.hu\/en\/wp-json\/wp\/v2\/pages\/88\/revisions"}],"wp:featuredmedia":[{"embeddable":true,"href":"https:\/\/www.metalleg.hu\/en\/wp-json\/wp\/v2\/media\/117"}],"wp:attachment":[{"href":"https:\/\/www.metalleg.hu\/en\/wp-json\/wp\/v2\/media?parent=88"}],"curies":[{"name":"wp","href":"https:\/\/api.w.org\/{rel}","templated":true}]}}