{"id":99,"date":"2023-11-13T15:43:15","date_gmt":"2023-11-13T15:43:15","guid":{"rendered":"https:\/\/www.metalleg.hu\/?page_id=99"},"modified":"2024-03-26T12:30:10","modified_gmt":"2024-03-26T12:30:10","slug":"what-we-offer","status":"publish","type":"page","link":"https:\/\/www.metalleg.hu\/en\/what-we-offer\/","title":{"rendered":"What we offer"},"content":{"rendered":"","protected":false},"excerpt":{"rendered":"","protected":false},"author":1,"featured_media":0,"parent":0,"menu_order":0,"comment_status":"closed","ping_status":"closed","template":"","meta":{"footnotes":""},"class_list":["post-99","page","type-page","status-publish","hentry"],"yoast_head":"<!-- This site is optimized with the Yoast SEO plugin v23.4 - https:\/\/yoast.com\/wordpress\/plugins\/seo\/ -->\n<title>M\u00e1rkaf\u00fcggetlen pneumatikai megold\u00e1sok - Met\u00e1l L\u00e9gtechnika - Nagykanizsa<\/title>\n<meta name=\"description\" content=\"M\u00e1rkaf\u00fcggetlen pneumatika szakkeresked\u00e9s, egy helyen az el\u00e9rhet\u0151 technol\u00f3gi\u00e1k, m\u00e1rk\u00e1k ny\u00fajtotta lehet\u0151s\u00e9gek kedvez\u0151 \u00e1r-\u00e9rt\u00e9kar\u00e1nnyal p\u00e1ros\u00edtva.\" \/>\n<meta name=\"robots\" content=\"index, follow, max-snippet:-1, max-image-preview:large, max-video-preview:-1\" \/>\n<link rel=\"canonical\" href=\"https:\/\/www.metalleg.hu\/en\/what-we-offer\/\" \/>\n<meta property=\"og:locale\" content=\"en_US\" \/>\n<meta property=\"og:type\" content=\"article\" \/>\n<meta property=\"og:title\" content=\"M\u00e1rkaf\u00fcggetlen pneumatikai megold\u00e1sok - Met\u00e1l L\u00e9gtechnika - Nagykanizsa\" \/>\n<meta property=\"og:description\" content=\"M\u00e1rkaf\u00fcggetlen pneumatika szakkeresked\u00e9s, egy helyen az el\u00e9rhet\u0151 technol\u00f3gi\u00e1k, m\u00e1rk\u00e1k ny\u00fajtotta lehet\u0151s\u00e9gek kedvez\u0151 \u00e1r-\u00e9rt\u00e9kar\u00e1nnyal p\u00e1ros\u00edtva.\" \/>\n<meta property=\"og:url\" content=\"https:\/\/www.metalleg.hu\/en\/what-we-offer\/\" \/>\n<meta property=\"og:site_name\" content=\"Met\u00e1l L\u00e9gtechnika\" \/>\n<meta property=\"article:publisher\" content=\"https:\/\/www.facebook.com\/metallegtechnika.kft\" \/>\n<meta property=\"article:modified_time\" content=\"2024-03-26T12:30:10+00:00\" \/>\n<meta property=\"og:image\" content=\"https:\/\/www.metalleg.hu\/files\/2024\/03\/metal_legtechnika.webp\" \/>\n\t<meta property=\"og:image:width\" content=\"1200\" \/>\n\t<meta property=\"og:image:height\" content=\"675\" \/>\n\t<meta property=\"og:image:type\" content=\"image\/webp\" \/>\n<meta name=\"twitter:card\" content=\"summary_large_image\" \/>\n<script type=\"application\/ld+json\" class=\"yoast-schema-graph\">{\"@context\":\"https:\/\/schema.org\",\"@graph\":[{\"@type\":\"WebPage\",\"@id\":\"https:\/\/www.metalleg.hu\/en\/what-we-offer\/\",\"url\":\"https:\/\/www.metalleg.hu\/en\/what-we-offer\/\",\"name\":\"M\u00e1rkaf\u00fcggetlen pneumatikai megold\u00e1sok - Met\u00e1l L\u00e9gtechnika - Nagykanizsa\",\"isPartOf\":{\"@id\":\"https:\/\/www.metalleg.hu\/en\/#website\"},\"datePublished\":\"2023-11-13T15:43:15+00:00\",\"dateModified\":\"2024-03-26T12:30:10+00:00\",\"description\":\"M\u00e1rkaf\u00fcggetlen pneumatika szakkeresked\u00e9s, egy helyen az el\u00e9rhet\u0151 technol\u00f3gi\u00e1k, m\u00e1rk\u00e1k ny\u00fajtotta lehet\u0151s\u00e9gek kedvez\u0151 \u00e1r-\u00e9rt\u00e9kar\u00e1nnyal p\u00e1ros\u00edtva.\",\"inLanguage\":\"en-US\",\"potentialAction\":[{\"@type\":\"ReadAction\",\"target\":[\"https:\/\/www.metalleg.hu\/en\/what-we-offer\/\"]}]},{\"@type\":\"WebSite\",\"@id\":\"https:\/\/www.metalleg.hu\/en\/#website\",\"url\":\"https:\/\/www.metalleg.hu\/en\/\",\"name\":\"Met\u00e1l L\u00e9gtechnika\",\"description\":\"\",\"publisher\":{\"@id\":\"https:\/\/www.metalleg.hu\/en\/#organization\"},\"potentialAction\":[{\"@type\":\"SearchAction\",\"target\":{\"@type\":\"EntryPoint\",\"urlTemplate\":\"https:\/\/www.metalleg.hu\/en\/?s={search_term_string}\"},\"query-input\":{\"@type\":\"PropertyValueSpecification\",\"valueRequired\":true,\"valueName\":\"search_term_string\"}}],\"inLanguage\":\"en-US\"},{\"@type\":\"Organization\",\"@id\":\"https:\/\/www.metalleg.hu\/en\/#organization\",\"name\":\"Met\u00e1l L\u00e9gtechnika\",\"url\":\"https:\/\/www.metalleg.hu\/en\/\",\"logo\":{\"@type\":\"ImageObject\",\"inLanguage\":\"en-US\",\"@id\":\"https:\/\/www.metalleg.hu\/en\/#\/schema\/logo\/image\/\",\"url\":\"https:\/\/www.metalleg.hu\/files\/2024\/03\/metal_legteshnika_icon.png\",\"contentUrl\":\"https:\/\/www.metalleg.hu\/files\/2024\/03\/metal_legteshnika_icon.png\",\"width\":512,\"height\":512,\"caption\":\"Met\u00e1l L\u00e9gtechnika\"},\"image\":{\"@id\":\"https:\/\/www.metalleg.hu\/en\/#\/schema\/logo\/image\/\"},\"sameAs\":[\"https:\/\/www.facebook.com\/metallegtechnika.kft\"]}]}<\/script>\n<!-- \/ Yoast SEO plugin. -->","yoast_head_json":{"title":"M\u00e1rkaf\u00fcggetlen pneumatikai megold\u00e1sok - Met\u00e1l L\u00e9gtechnika - Nagykanizsa","description":"M\u00e1rkaf\u00fcggetlen pneumatika szakkeresked\u00e9s, egy helyen az el\u00e9rhet\u0151 technol\u00f3gi\u00e1k, m\u00e1rk\u00e1k ny\u00fajtotta lehet\u0151s\u00e9gek kedvez\u0151 \u00e1r-\u00e9rt\u00e9kar\u00e1nnyal p\u00e1ros\u00edtva.","robots":{"index":"index","follow":"follow","max-snippet":"max-snippet:-1","max-image-preview":"max-image-preview:large","max-video-preview":"max-video-preview:-1"},"canonical":"https:\/\/www.metalleg.hu\/en\/what-we-offer\/","og_locale":"en_US","og_type":"article","og_title":"M\u00e1rkaf\u00fcggetlen pneumatikai megold\u00e1sok - Met\u00e1l L\u00e9gtechnika - Nagykanizsa","og_description":"M\u00e1rkaf\u00fcggetlen pneumatika szakkeresked\u00e9s, egy helyen az el\u00e9rhet\u0151 technol\u00f3gi\u00e1k, m\u00e1rk\u00e1k ny\u00fajtotta lehet\u0151s\u00e9gek kedvez\u0151 \u00e1r-\u00e9rt\u00e9kar\u00e1nnyal p\u00e1ros\u00edtva.","og_url":"https:\/\/www.metalleg.hu\/en\/what-we-offer\/","og_site_name":"Met\u00e1l L\u00e9gtechnika","article_publisher":"https:\/\/www.facebook.com\/metallegtechnika.kft","article_modified_time":"2024-03-26T12:30:10+00:00","og_image":[{"width":1200,"height":675,"url":"https:\/\/www.metalleg.hu\/files\/2024\/03\/metal_legtechnika.webp","type":"image\/webp"}],"twitter_card":"summary_large_image","schema":{"@context":"https:\/\/schema.org","@graph":[{"@type":"WebPage","@id":"https:\/\/www.metalleg.hu\/en\/what-we-offer\/","url":"https:\/\/www.metalleg.hu\/en\/what-we-offer\/","name":"M\u00e1rkaf\u00fcggetlen pneumatikai megold\u00e1sok - Met\u00e1l L\u00e9gtechnika - Nagykanizsa","isPartOf":{"@id":"https:\/\/www.metalleg.hu\/en\/#website"},"datePublished":"2023-11-13T15:43:15+00:00","dateModified":"2024-03-26T12:30:10+00:00","description":"M\u00e1rkaf\u00fcggetlen pneumatika szakkeresked\u00e9s, egy helyen az el\u00e9rhet\u0151 technol\u00f3gi\u00e1k, m\u00e1rk\u00e1k ny\u00fajtotta lehet\u0151s\u00e9gek kedvez\u0151 \u00e1r-\u00e9rt\u00e9kar\u00e1nnyal p\u00e1ros\u00edtva.","inLanguage":"en-US","potentialAction":[{"@type":"ReadAction","target":["https:\/\/www.metalleg.hu\/en\/what-we-offer\/"]}]},{"@type":"WebSite","@id":"https:\/\/www.metalleg.hu\/en\/#website","url":"https:\/\/www.metalleg.hu\/en\/","name":"Met\u00e1l L\u00e9gtechnika","description":"","publisher":{"@id":"https:\/\/www.metalleg.hu\/en\/#organization"},"potentialAction":[{"@type":"SearchAction","target":{"@type":"EntryPoint","urlTemplate":"https:\/\/www.metalleg.hu\/en\/?s={search_term_string}"},"query-input":{"@type":"PropertyValueSpecification","valueRequired":true,"valueName":"search_term_string"}}],"inLanguage":"en-US"},{"@type":"Organization","@id":"https:\/\/www.metalleg.hu\/en\/#organization","name":"Met\u00e1l L\u00e9gtechnika","url":"https:\/\/www.metalleg.hu\/en\/","logo":{"@type":"ImageObject","inLanguage":"en-US","@id":"https:\/\/www.metalleg.hu\/en\/#\/schema\/logo\/image\/","url":"https:\/\/www.metalleg.hu\/files\/2024\/03\/metal_legteshnika_icon.png","contentUrl":"https:\/\/www.metalleg.hu\/files\/2024\/03\/metal_legteshnika_icon.png","width":512,"height":512,"caption":"Met\u00e1l L\u00e9gtechnika"},"image":{"@id":"https:\/\/www.metalleg.hu\/en\/#\/schema\/logo\/image\/"},"sameAs":["https:\/\/www.facebook.com\/metallegtechnika.kft"]}]}},"_links":{"self":[{"href":"https:\/\/www.metalleg.hu\/en\/wp-json\/wp\/v2\/pages\/99","targetHints":{"allow":["GET"]}}],"collection":[{"href":"https:\/\/www.metalleg.hu\/en\/wp-json\/wp\/v2\/pages"}],"about":[{"href":"https:\/\/www.metalleg.hu\/en\/wp-json\/wp\/v2\/types\/page"}],"author":[{"embeddable":true,"href":"https:\/\/www.metalleg.hu\/en\/wp-json\/wp\/v2\/users\/1"}],"replies":[{"embeddable":true,"href":"https:\/\/www.metalleg.hu\/en\/wp-json\/wp\/v2\/comments?post=99"}],"version-history":[{"count":0,"href":"https:\/\/www.metalleg.hu\/en\/wp-json\/wp\/v2\/pages\/99\/revisions"}],"wp:attachment":[{"href":"https:\/\/www.metalleg.hu\/en\/wp-json\/wp\/v2\/media?parent=99"}],"curies":[{"name":"wp","href":"https:\/\/api.w.org\/{rel}","templated":true}]}}